{"id":43,"date":"2024-12-04T01:11:01","date_gmt":"2024-12-04T01:11:01","guid":{"rendered":"https:\/\/iesp-hectorvasquezjimenez.edu.pe\/portal\/?page_id=43"},"modified":"2025-06-01T22:24:24","modified_gmt":"2025-06-01T22:24:24","slug":"mision-vision-valores","status":"publish","type":"page","link":"https:\/\/iestpmjdm.edu.pe\/portal\/index.php\/mision-vision-valores\/","title":{"rendered":"Misi\u00f3n, visi\u00f3n y valores"},"content":{"rendered":"\n<div class=\"wp-block-media-text is-stacked-on-mobile is-vertically-aligned-center has-very-light-gray-to-cyan-bluish-gray-gradient-background has-background\" style=\"border-style:none;border-width:0px;border-radius:0px;grid-template-columns:35% auto\"><figure class=\"wp-block-media-text__media\"><img loading=\"lazy\" decoding=\"async\" width=\"780\" height=\"1024\" src=\"https:\/\/iestpmjdm.edu.pe\/portal\/wp-content\/uploads\/2025\/05\/Imagen-de-WhatsApp-2024-08-14-a-las-07.25.59_6b3920b2-1-780x1024.png\" alt=\"\" class=\"wp-image-603 size-full\" srcset=\"https:\/\/iestpmjdm.edu.pe\/portal\/wp-content\/uploads\/2025\/05\/Imagen-de-WhatsApp-2024-08-14-a-las-07.25.59_6b3920b2-1-780x1024.png 780w, https:\/\/iestpmjdm.edu.pe\/portal\/wp-content\/uploads\/2025\/05\/Imagen-de-WhatsApp-2024-08-14-a-las-07.25.59_6b3920b2-1-229x300.png 229w, https:\/\/iestpmjdm.edu.pe\/portal\/wp-content\/uploads\/2025\/05\/Imagen-de-WhatsApp-2024-08-14-a-las-07.25.59_6b3920b2-1-768x1008.png 768w, https:\/\/iestpmjdm.edu.pe\/portal\/wp-content\/uploads\/2025\/05\/Imagen-de-WhatsApp-2024-08-14-a-las-07.25.59_6b3920b2-1-1170x1536.png 1170w, https:\/\/iestpmjdm.edu.pe\/portal\/wp-content\/uploads\/2025\/05\/Imagen-de-WhatsApp-2024-08-14-a-las-07.25.59_6b3920b2-1-823x1080.png 823w, https:\/\/iestpmjdm.edu.pe\/portal\/wp-content\/uploads\/2025\/05\/Imagen-de-WhatsApp-2024-08-14-a-las-07.25.59_6b3920b2-1.png 1219w\" sizes=\"(max-width: 780px) 100vw, 780px\" \/><\/figure><div class=\"wp-block-media-text__content\">\n<p class=\"has-text-align-center has-kubio-color-1-color has-text-color has-link-color has-x-large-font-size wp-elements-179c01031baf8b73ba60f783fdb7502f\" style=\"font-style:normal;font-weight:1000\"><strong>VISI\u00d3N<\/strong><\/p>\n\n\n\n<p class=\"has-pale-ocean-gradient-background has-background has-medium-font-size\"><em>\u201cEl IES \u201cManuel Jes\u00fas D\u00edaz Murrugarra\u201d de Cascas, al 2030, es una Instituci\u00f3n Educativa licenciada y con Programas de Estudios acreditados, formadora de profesionales t\u00e9cnicos innovadores, competentes y emprendedores, comprometidos con el medio ambiente y que contribuyen al desarrollo econ\u00f3mico, social y cultural de su entorno local, regional y nacional\u201d.<\/em><\/p>\n\n\n\n<p class=\"has-text-align-center has-kubio-color-1-color has-text-color has-link-color has-x-large-font-size wp-elements-52bee8b3ca7ed4990e8c1f369cbf4526\"><strong>MISI\u00d3N<\/strong><\/p>\n\n\n\n<p class=\"has-pale-ocean-gradient-background has-background has-medium-font-size\"><em>\u201cSomos un IES, que brinda formaci\u00f3n profesional t\u00e9cnica de calidad, facilitando el desarrollo de competencias, actitudes y valores, que le permitan al egresado el emprendimiento, la investigaci\u00f3n aplicada, la innovaci\u00f3n tecnol\u00f3gica y la competitividad; respetando y protegiendo el medio ambiente, en el marco de los lineamientos de la pol\u00edtica educativa regional y nacional\u201d.<\/em><\/p>\n<\/div><\/div>\n","protected":false},"excerpt":{"rendered":"<p>VISI\u00d3N \u201cEl IES \u201cManuel Jes\u00fas D\u00edaz Murrugarra\u201d de Cascas, al 2030, es una Instituci\u00f3n Educativa licenciada y con Programas de Estudios acreditados, formadora de profesionales t\u00e9cnicos innovadores, competentes y emprendedores, comprometidos con el medio ambiente y que contribuyen al desarrollo econ\u00f3mico, social y cultural de su entorno local, regional y nacional\u201d. MISI\u00d3N \u201cSomos un IES, [&hellip;]<\/p>\n","protected":false},"author":1,"featured_media":0,"parent":0,"menu_order":0,"comment_status":"closed","ping_status":"open","template":"full-width","meta":{"saved_in_kubio":true,"footnotes":""},"class_list":["post-43","page","type-page","status-publish","hentry"],"kubio_ai_page_context":{"short_desc":"","purpose":"general"},"yoast_head":"<!-- This site is optimized with the Yoast SEO plugin v23.9 - https:\/\/yoast.com\/wordpress\/plugins\/seo\/ -->\n<title>Misi\u00f3n, visi\u00f3n y valores - IESTP MANUEL JES\u00daS D\u00cdAZ MURRUGARA<\/title>\n<meta name=\"robots\" content=\"index, follow, max-snippet:-1, max-image-preview:large, max-video-preview:-1\" \/>\n<link rel=\"canonical\" href=\"https:\/\/iestpmjdm.edu.pe\/portal\/index.php\/mision-vision-valores\/\" \/>\n<meta property=\"og:locale\" content=\"es_ES\" \/>\n<meta property=\"og:type\" content=\"article\" \/>\n<meta property=\"og:title\" content=\"Misi\u00f3n, visi\u00f3n y valores - IESTP MANUEL JES\u00daS D\u00cdAZ MURRUGARA\" \/>\n<meta property=\"og:description\" content=\"VISI\u00d3N \u201cEl IES \u201cManuel Jes\u00fas D\u00edaz Murrugarra\u201d de Cascas, al 2030, es una Instituci\u00f3n Educativa licenciada y con Programas de Estudios acreditados, formadora de profesionales t\u00e9cnicos innovadores, competentes y emprendedores, comprometidos con el medio ambiente y que contribuyen al desarrollo econ\u00f3mico, social y cultural de su entorno local, regional y nacional\u201d. MISI\u00d3N \u201cSomos un IES, [&hellip;]\" \/>\n<meta property=\"og:url\" content=\"https:\/\/iestpmjdm.edu.pe\/portal\/index.php\/mision-vision-valores\/\" \/>\n<meta property=\"og:site_name\" content=\"IESTP MANUEL JES\u00daS D\u00cdAZ MURRUGARA\" \/>\n<meta property=\"article:modified_time\" content=\"2025-06-01T22:24:24+00:00\" \/>\n<meta property=\"og:image\" content=\"https:\/\/iestpmjdm.edu.pe\/portal\/wp-content\/uploads\/2025\/05\/Imagen-de-WhatsApp-2024-08-14-a-las-07.25.59_6b3920b2-1-780x1024.png\" \/>\n<meta name=\"twitter:card\" content=\"summary_large_image\" \/>\n<script type=\"application\/ld+json\" class=\"yoast-schema-graph\">{\"@context\":\"https:\/\/schema.org\",\"@graph\":[{\"@type\":\"WebPage\",\"@id\":\"https:\/\/iestpmjdm.edu.pe\/portal\/index.php\/mision-vision-valores\/\",\"url\":\"https:\/\/iestpmjdm.edu.pe\/portal\/index.php\/mision-vision-valores\/\",\"name\":\"Misi\u00f3n, visi\u00f3n y valores - IESTP MANUEL JES\u00daS D\u00cdAZ MURRUGARA\",\"isPartOf\":{\"@id\":\"https:\/\/iestpmjdm.edu.pe\/portal\/#website\"},\"primaryImageOfPage\":{\"@id\":\"https:\/\/iestpmjdm.edu.pe\/portal\/index.php\/mision-vision-valores\/#primaryimage\"},\"image\":{\"@id\":\"https:\/\/iestpmjdm.edu.pe\/portal\/index.php\/mision-vision-valores\/#primaryimage\"},\"thumbnailUrl\":\"https:\/\/iestpmjdm.edu.pe\/portal\/wp-content\/uploads\/2025\/05\/Imagen-de-WhatsApp-2024-08-14-a-las-07.25.59_6b3920b2-1-780x1024.png\",\"datePublished\":\"2024-12-04T01:11:01+00:00\",\"dateModified\":\"2025-06-01T22:24:24+00:00\",\"breadcrumb\":{\"@id\":\"https:\/\/iestpmjdm.edu.pe\/portal\/index.php\/mision-vision-valores\/#breadcrumb\"},\"inLanguage\":\"es-PE\",\"potentialAction\":[{\"@type\":\"ReadAction\",\"target\":[\"https:\/\/iestpmjdm.edu.pe\/portal\/index.php\/mision-vision-valores\/\"]}]},{\"@type\":\"ImageObject\",\"inLanguage\":\"es-PE\",\"@id\":\"https:\/\/iestpmjdm.edu.pe\/portal\/index.php\/mision-vision-valores\/#primaryimage\",\"url\":\"https:\/\/iestpmjdm.edu.pe\/portal\/wp-content\/uploads\/2025\/05\/Imagen-de-WhatsApp-2024-08-14-a-las-07.25.59_6b3920b2-1.png\",\"contentUrl\":\"https:\/\/iestpmjdm.edu.pe\/portal\/wp-content\/uploads\/2025\/05\/Imagen-de-WhatsApp-2024-08-14-a-las-07.25.59_6b3920b2-1.png\",\"width\":1219,\"height\":1600},{\"@type\":\"BreadcrumbList\",\"@id\":\"https:\/\/iestpmjdm.edu.pe\/portal\/index.php\/mision-vision-valores\/#breadcrumb\",\"itemListElement\":[{\"@type\":\"ListItem\",\"position\":1,\"name\":\"Portada\",\"item\":\"https:\/\/iestpmjdm.edu.pe\/portal\/\"},{\"@type\":\"ListItem\",\"position\":2,\"name\":\"Misi\u00f3n, visi\u00f3n y valores\"}]},{\"@type\":\"WebSite\",\"@id\":\"https:\/\/iestpmjdm.edu.pe\/portal\/#website\",\"url\":\"https:\/\/iestpmjdm.edu.pe\/portal\/\",\"name\":\"IESTP MANUEL JES\u00daS D\u00cdAZ MURRUGARA\",\"description\":\"\",\"publisher\":{\"@id\":\"https:\/\/iestpmjdm.edu.pe\/portal\/#organization\"},\"potentialAction\":[{\"@type\":\"SearchAction\",\"target\":{\"@type\":\"EntryPoint\",\"urlTemplate\":\"https:\/\/iestpmjdm.edu.pe\/portal\/?s={search_term_string}\"},\"query-input\":{\"@type\":\"PropertyValueSpecification\",\"valueRequired\":true,\"valueName\":\"search_term_string\"}}],\"inLanguage\":\"es-PE\"},{\"@type\":\"Organization\",\"@id\":\"https:\/\/iestpmjdm.edu.pe\/portal\/#organization\",\"name\":\"IESTP MANUEL JES\u00daS D\u00cdAZ MURRUGARA\",\"url\":\"https:\/\/iestpmjdm.edu.pe\/portal\/\",\"logo\":{\"@type\":\"ImageObject\",\"inLanguage\":\"es-PE\",\"@id\":\"https:\/\/iestpmjdm.edu.pe\/portal\/#\/schema\/logo\/image\/\",\"url\":\"https:\/\/iestpmjdm.edu.pe\/portal\/wp-content\/uploads\/2025\/05\/Imagen-de-WhatsApp-2024-08-14-a-las-07.25.59_6b3920b2-3.png\",\"contentUrl\":\"https:\/\/iestpmjdm.edu.pe\/portal\/wp-content\/uploads\/2025\/05\/Imagen-de-WhatsApp-2024-08-14-a-las-07.25.59_6b3920b2-3.png\",\"width\":1219,\"height\":1600,\"caption\":\"IESTP MANUEL JES\u00daS D\u00cdAZ MURRUGARA\"},\"image\":{\"@id\":\"https:\/\/iestpmjdm.edu.pe\/portal\/#\/schema\/logo\/image\/\"}}]}<\/script>\n<!-- \/ Yoast SEO plugin. -->","yoast_head_json":{"title":"Misi\u00f3n, visi\u00f3n y valores - IESTP MANUEL JES\u00daS D\u00cdAZ MURRUGARA","robots":{"index":"index","follow":"follow","max-snippet":"max-snippet:-1","max-image-preview":"max-image-preview:large","max-video-preview":"max-video-preview:-1"},"canonical":"https:\/\/iestpmjdm.edu.pe\/portal\/index.php\/mision-vision-valores\/","og_locale":"es_ES","og_type":"article","og_title":"Misi\u00f3n, visi\u00f3n y valores - IESTP MANUEL JES\u00daS D\u00cdAZ MURRUGARA","og_description":"VISI\u00d3N \u201cEl IES \u201cManuel Jes\u00fas D\u00edaz Murrugarra\u201d de Cascas, al 2030, es una Instituci\u00f3n Educativa licenciada y con Programas de Estudios acreditados, formadora de profesionales t\u00e9cnicos innovadores, competentes y emprendedores, comprometidos con el medio ambiente y que contribuyen al desarrollo econ\u00f3mico, social y cultural de su entorno local, regional y nacional\u201d. MISI\u00d3N \u201cSomos un IES, [&hellip;]","og_url":"https:\/\/iestpmjdm.edu.pe\/portal\/index.php\/mision-vision-valores\/","og_site_name":"IESTP MANUEL JES\u00daS D\u00cdAZ MURRUGARA","article_modified_time":"2025-06-01T22:24:24+00:00","og_image":[{"url":"https:\/\/iestpmjdm.edu.pe\/portal\/wp-content\/uploads\/2025\/05\/Imagen-de-WhatsApp-2024-08-14-a-las-07.25.59_6b3920b2-1-780x1024.png"}],"twitter_card":"summary_large_image","schema":{"@context":"https:\/\/schema.org","@graph":[{"@type":"WebPage","@id":"https:\/\/iestpmjdm.edu.pe\/portal\/index.php\/mision-vision-valores\/","url":"https:\/\/iestpmjdm.edu.pe\/portal\/index.php\/mision-vision-valores\/","name":"Misi\u00f3n, visi\u00f3n y valores - IESTP MANUEL JES\u00daS D\u00cdAZ MURRUGARA","isPartOf":{"@id":"https:\/\/iestpmjdm.edu.pe\/portal\/#website"},"primaryImageOfPage":{"@id":"https:\/\/iestpmjdm.edu.pe\/portal\/index.php\/mision-vision-valores\/#primaryimage"},"image":{"@id":"https:\/\/iestpmjdm.edu.pe\/portal\/index.php\/mision-vision-valores\/#primaryimage"},"thumbnailUrl":"https:\/\/iestpmjdm.edu.pe\/portal\/wp-content\/uploads\/2025\/05\/Imagen-de-WhatsApp-2024-08-14-a-las-07.25.59_6b3920b2-1-780x1024.png","datePublished":"2024-12-04T01:11:01+00:00","dateModified":"2025-06-01T22:24:24+00:00","breadcrumb":{"@id":"https:\/\/iestpmjdm.edu.pe\/portal\/index.php\/mision-vision-valores\/#breadcrumb"},"inLanguage":"es-PE","potentialAction":[{"@type":"ReadAction","target":["https:\/\/iestpmjdm.edu.pe\/portal\/index.php\/mision-vision-valores\/"]}]},{"@type":"ImageObject","inLanguage":"es-PE","@id":"https:\/\/iestpmjdm.edu.pe\/portal\/index.php\/mision-vision-valores\/#primaryimage","url":"https:\/\/iestpmjdm.edu.pe\/portal\/wp-content\/uploads\/2025\/05\/Imagen-de-WhatsApp-2024-08-14-a-las-07.25.59_6b3920b2-1.png","contentUrl":"https:\/\/iestpmjdm.edu.pe\/portal\/wp-content\/uploads\/2025\/05\/Imagen-de-WhatsApp-2024-08-14-a-las-07.25.59_6b3920b2-1.png","width":1219,"height":1600},{"@type":"BreadcrumbList","@id":"https:\/\/iestpmjdm.edu.pe\/portal\/index.php\/mision-vision-valores\/#breadcrumb","itemListElement":[{"@type":"ListItem","position":1,"name":"Portada","item":"https:\/\/iestpmjdm.edu.pe\/portal\/"},{"@type":"ListItem","position":2,"name":"Misi\u00f3n, visi\u00f3n y valores"}]},{"@type":"WebSite","@id":"https:\/\/iestpmjdm.edu.pe\/portal\/#website","url":"https:\/\/iestpmjdm.edu.pe\/portal\/","name":"IESTP MANUEL JES\u00daS D\u00cdAZ MURRUGARA","description":"","publisher":{"@id":"https:\/\/iestpmjdm.edu.pe\/portal\/#organization"},"potentialAction":[{"@type":"SearchAction","target":{"@type":"EntryPoint","urlTemplate":"https:\/\/iestpmjdm.edu.pe\/portal\/?s={search_term_string}"},"query-input":{"@type":"PropertyValueSpecification","valueRequired":true,"valueName":"search_term_string"}}],"inLanguage":"es-PE"},{"@type":"Organization","@id":"https:\/\/iestpmjdm.edu.pe\/portal\/#organization","name":"IESTP MANUEL JES\u00daS D\u00cdAZ MURRUGARA","url":"https:\/\/iestpmjdm.edu.pe\/portal\/","logo":{"@type":"ImageObject","inLanguage":"es-PE","@id":"https:\/\/iestpmjdm.edu.pe\/portal\/#\/schema\/logo\/image\/","url":"https:\/\/iestpmjdm.edu.pe\/portal\/wp-content\/uploads\/2025\/05\/Imagen-de-WhatsApp-2024-08-14-a-las-07.25.59_6b3920b2-3.png","contentUrl":"https:\/\/iestpmjdm.edu.pe\/portal\/wp-content\/uploads\/2025\/05\/Imagen-de-WhatsApp-2024-08-14-a-las-07.25.59_6b3920b2-3.png","width":1219,"height":1600,"caption":"IESTP MANUEL JES\u00daS D\u00cdAZ MURRUGARA"},"image":{"@id":"https:\/\/iestpmjdm.edu.pe\/portal\/#\/schema\/logo\/image\/"}}]}},"_links":{"self":[{"href":"https:\/\/iestpmjdm.edu.pe\/portal\/index.php\/wp-json\/wp\/v2\/pages\/43","targetHints":{"allow":["GET"]}}],"collection":[{"href":"https:\/\/iestpmjdm.edu.pe\/portal\/index.php\/wp-json\/wp\/v2\/pages"}],"about":[{"href":"https:\/\/iestpmjdm.edu.pe\/portal\/index.php\/wp-json\/wp\/v2\/types\/page"}],"author":[{"embeddable":true,"href":"https:\/\/iestpmjdm.edu.pe\/portal\/index.php\/wp-json\/wp\/v2\/users\/1"}],"replies":[{"embeddable":true,"href":"https:\/\/iestpmjdm.edu.pe\/portal\/index.php\/wp-json\/wp\/v2\/comments?post=43"}],"version-history":[{"count":12,"href":"https:\/\/iestpmjdm.edu.pe\/portal\/index.php\/wp-json\/wp\/v2\/pages\/43\/revisions"}],"predecessor-version":[{"id":1164,"href":"https:\/\/iestpmjdm.edu.pe\/portal\/index.php\/wp-json\/wp\/v2\/pages\/43\/revisions\/1164"}],"wp:attachment":[{"href":"https:\/\/iestpmjdm.edu.pe\/portal\/index.php\/wp-json\/wp\/v2\/media?parent=43"}],"curies":[{"name":"wp","href":"https:\/\/api.w.org\/{rel}","templated":true}]}}