{"id":47,"date":"2024-12-04T01:12:35","date_gmt":"2024-12-04T01:12:35","guid":{"rendered":"https:\/\/iesp-hectorvasquezjimenez.edu.pe\/portal\/?page_id=47"},"modified":"2025-06-05T14:21:26","modified_gmt":"2025-06-05T14:21:26","slug":"plana-jeraquica","status":"publish","type":"page","link":"https:\/\/iestpmjdm.edu.pe\/portal\/index.php\/plana-jeraquica\/","title":{"rendered":"Plana jer\u00e1quica"},"content":{"rendered":"\n\n\n<div class=\"wp-block-media-text is-stacked-on-mobile\" style=\"grid-template-columns:16% auto\"><figure class=\"wp-block-media-text__media\"><img loading=\"lazy\" decoding=\"async\" width=\"792\" height=\"1024\" src=\"https:\/\/iestpmjdm.edu.pe\/portal\/wp-content\/uploads\/2025\/05\/PLASENCIA-J-792x1024.jpg\" alt=\"\" class=\"wp-image-1014 size-full\" srcset=\"https:\/\/iestpmjdm.edu.pe\/portal\/wp-content\/uploads\/2025\/05\/PLASENCIA-J-792x1024.jpg 792w, https:\/\/iestpmjdm.edu.pe\/portal\/wp-content\/uploads\/2025\/05\/PLASENCIA-J-232x300.jpg 232w, https:\/\/iestpmjdm.edu.pe\/portal\/wp-content\/uploads\/2025\/05\/PLASENCIA-J-768x993.jpg 768w, https:\/\/iestpmjdm.edu.pe\/portal\/wp-content\/uploads\/2025\/05\/PLASENCIA-J-835x1080.jpg 835w, https:\/\/iestpmjdm.edu.pe\/portal\/wp-content\/uploads\/2025\/05\/PLASENCIA-J.jpg 945w\" sizes=\"(max-width: 792px) 100vw, 792px\" \/><\/figure><div class=\"wp-block-media-text__content\">\n<p style=\"font-size:30px\">Ing. Jaime Yvan Plasencia Castillo<\/p>\n\n\n\n<p class=\"has-text-align-left\" style=\"font-size:25px\"><strong>Director General<\/strong><\/p>\n<\/div><\/div>\n\n\n\n<div class=\"wp-block-media-text is-stacked-on-mobile\" style=\"grid-template-columns:16% auto\"><figure class=\"wp-block-media-text__media\"><img loading=\"lazy\" decoding=\"async\" width=\"792\" height=\"1024\" src=\"https:\/\/iestpmjdm.edu.pe\/portal\/wp-content\/uploads\/2025\/05\/BECERRA-H-792x1024.jpg\" alt=\"\" class=\"wp-image-1016 size-full\" srcset=\"https:\/\/iestpmjdm.edu.pe\/portal\/wp-content\/uploads\/2025\/05\/BECERRA-H-792x1024.jpg 792w, https:\/\/iestpmjdm.edu.pe\/portal\/wp-content\/uploads\/2025\/05\/BECERRA-H-232x300.jpg 232w, https:\/\/iestpmjdm.edu.pe\/portal\/wp-content\/uploads\/2025\/05\/BECERRA-H-768x993.jpg 768w, https:\/\/iestpmjdm.edu.pe\/portal\/wp-content\/uploads\/2025\/05\/BECERRA-H-835x1080.jpg 835w, https:\/\/iestpmjdm.edu.pe\/portal\/wp-content\/uploads\/2025\/05\/BECERRA-H.jpg 945w\" sizes=\"(max-width: 792px) 100vw, 792px\" \/><\/figure><div class=\"wp-block-media-text__content\">\n<p style=\"font-size:30px\">Ing. Herman Alejandro Becerra Loyola<\/p>\n\n\n\n<p style=\"font-size:25px\"><strong>Jefatura de Unidad Acad\u00e9mica <\/strong><\/p>\n<\/div><\/div>\n\n\n\n<div class=\"wp-block-media-text is-stacked-on-mobile\" style=\"grid-template-columns:16% auto\"><figure class=\"wp-block-media-text__media\"><img loading=\"lazy\" decoding=\"async\" width=\"793\" height=\"1024\" src=\"https:\/\/iestpmjdm.edu.pe\/portal\/wp-content\/uploads\/2025\/05\/ROMERO-M-793x1024.jpg\" alt=\"\" class=\"wp-image-1017 size-full\" srcset=\"https:\/\/iestpmjdm.edu.pe\/portal\/wp-content\/uploads\/2025\/05\/ROMERO-M-793x1024.jpg 793w, https:\/\/iestpmjdm.edu.pe\/portal\/wp-content\/uploads\/2025\/05\/ROMERO-M-232x300.jpg 232w, https:\/\/iestpmjdm.edu.pe\/portal\/wp-content\/uploads\/2025\/05\/ROMERO-M-768x992.jpg 768w, https:\/\/iestpmjdm.edu.pe\/portal\/wp-content\/uploads\/2025\/05\/ROMERO-M-836x1080.jpg 836w, https:\/\/iestpmjdm.edu.pe\/portal\/wp-content\/uploads\/2025\/05\/ROMERO-M.jpg 945w\" sizes=\"(max-width: 793px) 100vw, 793px\" \/><\/figure><div class=\"wp-block-media-text__content\">\n<p style=\"font-size:30px\">CPC. Mar\u00eda Rosa Romero de S\u00e1enz <\/p>\n\n\n\n<p style=\"font-size:25px\"><strong>Jefatura de Unidad Acad\u00e9mica <\/strong><\/p>\n<\/div><\/div>\n\n\n\n<div class=\"wp-block-media-text is-stacked-on-mobile\" style=\"grid-template-columns:16% auto\"><figure class=\"wp-block-media-text__media\"><img loading=\"lazy\" decoding=\"async\" width=\"792\" height=\"1024\" src=\"https:\/\/iestpmjdm.edu.pe\/portal\/wp-content\/uploads\/2025\/06\/PERALES-M-792x1024.jpg\" alt=\"\" class=\"wp-image-1263 size-full\" srcset=\"https:\/\/iestpmjdm.edu.pe\/portal\/wp-content\/uploads\/2025\/06\/PERALES-M-792x1024.jpg 792w, https:\/\/iestpmjdm.edu.pe\/portal\/wp-content\/uploads\/2025\/06\/PERALES-M-232x300.jpg 232w, https:\/\/iestpmjdm.edu.pe\/portal\/wp-content\/uploads\/2025\/06\/PERALES-M-768x993.jpg 768w, https:\/\/iestpmjdm.edu.pe\/portal\/wp-content\/uploads\/2025\/06\/PERALES-M-836x1080.jpg 836w, https:\/\/iestpmjdm.edu.pe\/portal\/wp-content\/uploads\/2025\/06\/PERALES-M.jpg 944w\" sizes=\"(max-width: 792px) 100vw, 792px\" \/><\/figure><div class=\"wp-block-media-text__content\">\n<p style=\"font-size:30px\">Lic. Mirtha Manuela Isabel Perales Che Le\u00f3n<\/p>\n\n\n\n<p style=\"font-size:25px\"><strong>Secretaria Acad\u00e9mica <\/strong><\/p>\n<\/div><\/div>\n\n\n\n<div class=\"wp-block-media-text is-stacked-on-mobile\" style=\"grid-template-columns:16% auto\"><figure class=\"wp-block-media-text__media\"><img loading=\"lazy\" decoding=\"async\" width=\"794\" height=\"1024\" src=\"https:\/\/iestpmjdm.edu.pe\/portal\/wp-content\/uploads\/2025\/05\/GAMARRA-G-794x1024.jpg\" alt=\"\" class=\"wp-image-1018 size-full\" srcset=\"https:\/\/iestpmjdm.edu.pe\/portal\/wp-content\/uploads\/2025\/05\/GAMARRA-G-794x1024.jpg 794w, https:\/\/iestpmjdm.edu.pe\/portal\/wp-content\/uploads\/2025\/05\/GAMARRA-G-233x300.jpg 233w, https:\/\/iestpmjdm.edu.pe\/portal\/wp-content\/uploads\/2025\/05\/GAMARRA-G-768x991.jpg 768w, https:\/\/iestpmjdm.edu.pe\/portal\/wp-content\/uploads\/2025\/05\/GAMARRA-G-837x1080.jpg 837w, https:\/\/iestpmjdm.edu.pe\/portal\/wp-content\/uploads\/2025\/05\/GAMARRA-G.jpg 945w\" sizes=\"(max-width: 794px) 100vw, 794px\" \/><\/figure><div class=\"wp-block-media-text__content\">\n<p style=\"font-size:30px\">Ing. Guido Alex Gamarra Quezada <\/p>\n\n\n\n<p class=\"has-text-align-left\" style=\"font-size:25px\"><strong>Coordinador Acad\u00e9mico del P. E. Producci\u00f3n Agropecuaria<\/strong><\/p>\n<\/div><\/div>\n\n\n\n<div class=\"wp-block-media-text is-stacked-on-mobile\" style=\"grid-template-columns:16% auto\"><figure class=\"wp-block-media-text__media\"><img loading=\"lazy\" decoding=\"async\" width=\"792\" height=\"1024\" src=\"https:\/\/iestpmjdm.edu.pe\/portal\/wp-content\/uploads\/2025\/05\/ROMERO-E-792x1024.jpg\" alt=\"\" class=\"wp-image-1019 size-full\" srcset=\"https:\/\/iestpmjdm.edu.pe\/portal\/wp-content\/uploads\/2025\/05\/ROMERO-E-792x1024.jpg 792w, https:\/\/iestpmjdm.edu.pe\/portal\/wp-content\/uploads\/2025\/05\/ROMERO-E-232x300.jpg 232w, https:\/\/iestpmjdm.edu.pe\/portal\/wp-content\/uploads\/2025\/05\/ROMERO-E-768x993.jpg 768w, https:\/\/iestpmjdm.edu.pe\/portal\/wp-content\/uploads\/2025\/05\/ROMERO-E-835x1080.jpg 835w, https:\/\/iestpmjdm.edu.pe\/portal\/wp-content\/uploads\/2025\/05\/ROMERO-E.jpg 944w\" sizes=\"(max-width: 792px) 100vw, 792px\" \/><\/figure><div class=\"wp-block-media-text__content\">\n<p style=\"font-size:30px\">Ing. Enriqueta Romero Diaz <\/p>\n\n\n\n<p class=\"has-text-align-left\" style=\"font-size:25px\"><strong>Coordinador Acad\u00e9mico del P. E. Industrias Alimentarias<\/strong><\/p>\n<\/div><\/div>\n\n\n\n<div class=\"wp-block-media-text is-stacked-on-mobile\" style=\"grid-template-columns:16% auto\"><figure class=\"wp-block-media-text__media\"><img loading=\"lazy\" decoding=\"async\" width=\"792\" height=\"1024\" src=\"https:\/\/iestpmjdm.edu.pe\/portal\/wp-content\/uploads\/2025\/06\/QUISPE-H-792x1024.jpg\" alt=\"\" class=\"wp-image-1213 size-full\" srcset=\"https:\/\/iestpmjdm.edu.pe\/portal\/wp-content\/uploads\/2025\/06\/QUISPE-H-792x1024.jpg 792w, https:\/\/iestpmjdm.edu.pe\/portal\/wp-content\/uploads\/2025\/06\/QUISPE-H-232x300.jpg 232w, https:\/\/iestpmjdm.edu.pe\/portal\/wp-content\/uploads\/2025\/06\/QUISPE-H-768x993.jpg 768w, https:\/\/iestpmjdm.edu.pe\/portal\/wp-content\/uploads\/2025\/06\/QUISPE-H-835x1080.jpg 835w, https:\/\/iestpmjdm.edu.pe\/portal\/wp-content\/uploads\/2025\/06\/QUISPE-H.jpg 945w\" sizes=\"(max-width: 792px) 100vw, 792px\" \/><\/figure><div class=\"wp-block-media-text__content\">\n<p style=\"font-size:30px\">Lic. Hilda del Pilar Quispe Cruz <\/p>\n\n\n\n<p class=\"has-text-align-left\" style=\"font-size:25px\"><strong>Coordinador Acad\u00e9mico del P. E. Enfermer\u00eda T\u00e9cnica<\/strong><\/p>\n<\/div><\/div>\n\n\n\n<div class=\"wp-block-media-text is-stacked-on-mobile\" style=\"grid-template-columns:16% auto\"><figure class=\"wp-block-media-text__media\"><img loading=\"lazy\" decoding=\"async\" width=\"793\" height=\"1024\" src=\"https:\/\/iestpmjdm.edu.pe\/portal\/wp-content\/uploads\/2025\/05\/CARRUITERO-N-793x1024.jpg\" alt=\"\" class=\"wp-image-1022 size-full\" srcset=\"https:\/\/iestpmjdm.edu.pe\/portal\/wp-content\/uploads\/2025\/05\/CARRUITERO-N-793x1024.jpg 793w, https:\/\/iestpmjdm.edu.pe\/portal\/wp-content\/uploads\/2025\/05\/CARRUITERO-N-232x300.jpg 232w, https:\/\/iestpmjdm.edu.pe\/portal\/wp-content\/uploads\/2025\/05\/CARRUITERO-N-768x992.jpg 768w, https:\/\/iestpmjdm.edu.pe\/portal\/wp-content\/uploads\/2025\/05\/CARRUITERO-N-836x1080.jpg 836w, https:\/\/iestpmjdm.edu.pe\/portal\/wp-content\/uploads\/2025\/05\/CARRUITERO-N.jpg 945w\" sizes=\"(max-width: 793px) 100vw, 793px\" \/><\/figure><div class=\"wp-block-media-text__content\">\n<p style=\"font-size:30px\">Lic. Natividad Floreslinda Carruitero Qui\u00f1ones <\/p>\n\n\n\n<p style=\"font-size:25px\"><strong>Jefatura de Bienestar y Empleabilidad<\/strong><\/p>\n<\/div><\/div>\n\n\n\n<div class=\"wp-block-media-text is-stacked-on-mobile\" style=\"grid-template-columns:16% auto\"><figure class=\"wp-block-media-text__media\"><img loading=\"lazy\" decoding=\"async\" width=\"792\" height=\"1024\" src=\"https:\/\/iestpmjdm.edu.pe\/portal\/wp-content\/uploads\/2025\/06\/SARE-J-792x1024.jpg\" alt=\"\" class=\"wp-image-1214 size-full\" srcset=\"https:\/\/iestpmjdm.edu.pe\/portal\/wp-content\/uploads\/2025\/06\/SARE-J-792x1024.jpg 792w, https:\/\/iestpmjdm.edu.pe\/portal\/wp-content\/uploads\/2025\/06\/SARE-J-232x300.jpg 232w, https:\/\/iestpmjdm.edu.pe\/portal\/wp-content\/uploads\/2025\/06\/SARE-J-768x993.jpg 768w, https:\/\/iestpmjdm.edu.pe\/portal\/wp-content\/uploads\/2025\/06\/SARE-J-835x1080.jpg 835w, https:\/\/iestpmjdm.edu.pe\/portal\/wp-content\/uploads\/2025\/06\/SARE-J.jpg 945w\" sizes=\"(max-width: 792px) 100vw, 792px\" \/><\/figure><div class=\"wp-block-media-text__content\">\n<p style=\"font-size:30px\">Ing. Jorge Armando Sare Cruz <\/p>\n\n\n\n<p style=\"font-size:25px\"><strong>Jefatura de Formaci\u00f3n Continua<\/strong><\/p>\n<\/div><\/div>\n\n\n\n<div class=\"wp-block-media-text is-stacked-on-mobile\" style=\"grid-template-columns:16% auto\"><figure class=\"wp-block-media-text__media\"><img loading=\"lazy\" decoding=\"async\" width=\"794\" height=\"1024\" src=\"https:\/\/iestpmjdm.edu.pe\/portal\/wp-content\/uploads\/2025\/05\/PACHECO-J-794x1024.jpg\" alt=\"\" class=\"wp-image-1020 size-full\" srcset=\"https:\/\/iestpmjdm.edu.pe\/portal\/wp-content\/uploads\/2025\/05\/PACHECO-J-794x1024.jpg 794w, https:\/\/iestpmjdm.edu.pe\/portal\/wp-content\/uploads\/2025\/05\/PACHECO-J-233x300.jpg 233w, https:\/\/iestpmjdm.edu.pe\/portal\/wp-content\/uploads\/2025\/05\/PACHECO-J-768x991.jpg 768w, https:\/\/iestpmjdm.edu.pe\/portal\/wp-content\/uploads\/2025\/05\/PACHECO-J-837x1080.jpg 837w, https:\/\/iestpmjdm.edu.pe\/portal\/wp-content\/uploads\/2025\/05\/PACHECO-J.jpg 945w\" sizes=\"(max-width: 794px) 100vw, 794px\" \/><\/figure><div class=\"wp-block-media-text__content\">\n<p style=\"font-size:30px\">Ing. Juan Gabriel Pacheco Zegarra<\/p>\n\n\n\n<p style=\"font-size:25px\"><strong>Jefatura de Investigaci\u00f3n<\/strong><\/p>\n<\/div><\/div>\n\n\n\n<div class=\"wp-block-media-text is-stacked-on-mobile\" style=\"grid-template-columns:16% auto\"><figure class=\"wp-block-media-text__media\"><img loading=\"lazy\" decoding=\"async\" width=\"793\" height=\"1024\" src=\"https:\/\/iestpmjdm.edu.pe\/portal\/wp-content\/uploads\/2025\/05\/CABRERA-V-793x1024.jpg\" alt=\"\" class=\"wp-image-1058 size-full\" srcset=\"https:\/\/iestpmjdm.edu.pe\/portal\/wp-content\/uploads\/2025\/05\/CABRERA-V-793x1024.jpg 793w, https:\/\/iestpmjdm.edu.pe\/portal\/wp-content\/uploads\/2025\/05\/CABRERA-V-232x300.jpg 232w, https:\/\/iestpmjdm.edu.pe\/portal\/wp-content\/uploads\/2025\/05\/CABRERA-V-768x992.jpg 768w, https:\/\/iestpmjdm.edu.pe\/portal\/wp-content\/uploads\/2025\/05\/CABRERA-V-836x1080.jpg 836w, https:\/\/iestpmjdm.edu.pe\/portal\/wp-content\/uploads\/2025\/05\/CABRERA-V.jpg 945w\" sizes=\"(max-width: 793px) 100vw, 793px\" \/><\/figure><div class=\"wp-block-media-text__content\">\n<p style=\"font-size:30px\">Ing. V\u00edctor Patrocinio Cabrera Casana<\/p>\n\n\n\n<p style=\"font-size:25px\"><strong>Coordinador de \u00c1rea de Calidad<\/strong><\/p>\n<\/div><\/div>\n","protected":false},"excerpt":{"rendered":"<p>Ing. Jaime Yvan Plasencia Castillo Director General Ing. Herman Alejandro Becerra Loyola Jefatura de Unidad Acad\u00e9mica CPC. Mar\u00eda Rosa Romero de S\u00e1enz Jefatura de Unidad Acad\u00e9mica Lic. Mirtha Manuela Isabel Perales Che Le\u00f3n Secretaria Acad\u00e9mica Ing. Guido Alex Gamarra Quezada Coordinador Acad\u00e9mico del P. E. Producci\u00f3n Agropecuaria Ing. Enriqueta Romero Diaz Coordinador Acad\u00e9mico del P. [&hellip;]<\/p>\n","protected":false},"author":1,"featured_media":0,"parent":0,"menu_order":0,"comment_status":"closed","ping_status":"open","template":"full-width","meta":{"saved_in_kubio":true,"footnotes":""},"class_list":["post-47","page","type-page","status-publish","hentry"],"kubio_ai_page_context":{"short_desc":"","purpose":"general"},"yoast_head":"<!-- This site is optimized with the Yoast SEO plugin v23.9 - https:\/\/yoast.com\/wordpress\/plugins\/seo\/ -->\n<title>Plana jer\u00e1quica - IESTP MANUEL JES\u00daS D\u00cdAZ MURRUGARA<\/title>\n<meta name=\"robots\" content=\"index, follow, max-snippet:-1, max-image-preview:large, max-video-preview:-1\" \/>\n<link rel=\"canonical\" href=\"https:\/\/iestpmjdm.edu.pe\/portal\/index.php\/plana-jeraquica\/\" \/>\n<meta property=\"og:locale\" content=\"es_ES\" \/>\n<meta property=\"og:type\" content=\"article\" \/>\n<meta property=\"og:title\" content=\"Plana jer\u00e1quica - IESTP MANUEL JES\u00daS D\u00cdAZ MURRUGARA\" \/>\n<meta property=\"og:description\" content=\"Ing. Jaime Yvan Plasencia Castillo Director General Ing. Herman Alejandro Becerra Loyola Jefatura de Unidad Acad\u00e9mica CPC. Mar\u00eda Rosa Romero de S\u00e1enz Jefatura de Unidad Acad\u00e9mica Lic. Mirtha Manuela Isabel Perales Che Le\u00f3n Secretaria Acad\u00e9mica Ing. Guido Alex Gamarra Quezada Coordinador Acad\u00e9mico del P. E. Producci\u00f3n Agropecuaria Ing. Enriqueta Romero Diaz Coordinador Acad\u00e9mico del P. [&hellip;]\" \/>\n<meta property=\"og:url\" content=\"https:\/\/iestpmjdm.edu.pe\/portal\/index.php\/plana-jeraquica\/\" \/>\n<meta property=\"og:site_name\" content=\"IESTP MANUEL JES\u00daS D\u00cdAZ MURRUGARA\" \/>\n<meta property=\"article:modified_time\" content=\"2025-06-05T14:21:26+00:00\" \/>\n<meta property=\"og:image\" content=\"https:\/\/iestpmjdm.edu.pe\/portal\/wp-content\/uploads\/2025\/05\/PLASENCIA-J-792x1024.jpg\" \/>\n<meta name=\"twitter:card\" content=\"summary_large_image\" \/>\n<meta name=\"twitter:label1\" content=\"Est. reading time\" \/>\n\t<meta name=\"twitter:data1\" content=\"2 minutos\" \/>\n<script type=\"application\/ld+json\" class=\"yoast-schema-graph\">{\"@context\":\"https:\/\/schema.org\",\"@graph\":[{\"@type\":\"WebPage\",\"@id\":\"https:\/\/iestpmjdm.edu.pe\/portal\/index.php\/plana-jeraquica\/\",\"url\":\"https:\/\/iestpmjdm.edu.pe\/portal\/index.php\/plana-jeraquica\/\",\"name\":\"Plana jer\u00e1quica - IESTP MANUEL JES\u00daS D\u00cdAZ MURRUGARA\",\"isPartOf\":{\"@id\":\"https:\/\/iestpmjdm.edu.pe\/portal\/#website\"},\"primaryImageOfPage\":{\"@id\":\"https:\/\/iestpmjdm.edu.pe\/portal\/index.php\/plana-jeraquica\/#primaryimage\"},\"image\":{\"@id\":\"https:\/\/iestpmjdm.edu.pe\/portal\/index.php\/plana-jeraquica\/#primaryimage\"},\"thumbnailUrl\":\"https:\/\/iestpmjdm.edu.pe\/portal\/wp-content\/uploads\/2025\/05\/PLASENCIA-J-792x1024.jpg\",\"datePublished\":\"2024-12-04T01:12:35+00:00\",\"dateModified\":\"2025-06-05T14:21:26+00:00\",\"breadcrumb\":{\"@id\":\"https:\/\/iestpmjdm.edu.pe\/portal\/index.php\/plana-jeraquica\/#breadcrumb\"},\"inLanguage\":\"es-PE\",\"potentialAction\":[{\"@type\":\"ReadAction\",\"target\":[\"https:\/\/iestpmjdm.edu.pe\/portal\/index.php\/plana-jeraquica\/\"]}]},{\"@type\":\"ImageObject\",\"inLanguage\":\"es-PE\",\"@id\":\"https:\/\/iestpmjdm.edu.pe\/portal\/index.php\/plana-jeraquica\/#primaryimage\",\"url\":\"https:\/\/iestpmjdm.edu.pe\/portal\/wp-content\/uploads\/2025\/05\/PLASENCIA-J.jpg\",\"contentUrl\":\"https:\/\/iestpmjdm.edu.pe\/portal\/wp-content\/uploads\/2025\/05\/PLASENCIA-J.jpg\",\"width\":945,\"height\":1222},{\"@type\":\"BreadcrumbList\",\"@id\":\"https:\/\/iestpmjdm.edu.pe\/portal\/index.php\/plana-jeraquica\/#breadcrumb\",\"itemListElement\":[{\"@type\":\"ListItem\",\"position\":1,\"name\":\"Portada\",\"item\":\"https:\/\/iestpmjdm.edu.pe\/portal\/\"},{\"@type\":\"ListItem\",\"position\":2,\"name\":\"Plana jer\u00e1quica\"}]},{\"@type\":\"WebSite\",\"@id\":\"https:\/\/iestpmjdm.edu.pe\/portal\/#website\",\"url\":\"https:\/\/iestpmjdm.edu.pe\/portal\/\",\"name\":\"IESTP MANUEL JES\u00daS D\u00cdAZ MURRUGARA\",\"description\":\"\",\"publisher\":{\"@id\":\"https:\/\/iestpmjdm.edu.pe\/portal\/#organization\"},\"potentialAction\":[{\"@type\":\"SearchAction\",\"target\":{\"@type\":\"EntryPoint\",\"urlTemplate\":\"https:\/\/iestpmjdm.edu.pe\/portal\/?s={search_term_string}\"},\"query-input\":{\"@type\":\"PropertyValueSpecification\",\"valueRequired\":true,\"valueName\":\"search_term_string\"}}],\"inLanguage\":\"es-PE\"},{\"@type\":\"Organization\",\"@id\":\"https:\/\/iestpmjdm.edu.pe\/portal\/#organization\",\"name\":\"IESTP MANUEL JES\u00daS D\u00cdAZ MURRUGARA\",\"url\":\"https:\/\/iestpmjdm.edu.pe\/portal\/\",\"logo\":{\"@type\":\"ImageObject\",\"inLanguage\":\"es-PE\",\"@id\":\"https:\/\/iestpmjdm.edu.pe\/portal\/#\/schema\/logo\/image\/\",\"url\":\"https:\/\/iestpmjdm.edu.pe\/portal\/wp-content\/uploads\/2025\/05\/Imagen-de-WhatsApp-2024-08-14-a-las-07.25.59_6b3920b2-3.png\",\"contentUrl\":\"https:\/\/iestpmjdm.edu.pe\/portal\/wp-content\/uploads\/2025\/05\/Imagen-de-WhatsApp-2024-08-14-a-las-07.25.59_6b3920b2-3.png\",\"width\":1219,\"height\":1600,\"caption\":\"IESTP MANUEL JES\u00daS D\u00cdAZ MURRUGARA\"},\"image\":{\"@id\":\"https:\/\/iestpmjdm.edu.pe\/portal\/#\/schema\/logo\/image\/\"}}]}<\/script>\n<!-- \/ Yoast SEO plugin. -->","yoast_head_json":{"title":"Plana jer\u00e1quica - IESTP MANUEL JES\u00daS D\u00cdAZ MURRUGARA","robots":{"index":"index","follow":"follow","max-snippet":"max-snippet:-1","max-image-preview":"max-image-preview:large","max-video-preview":"max-video-preview:-1"},"canonical":"https:\/\/iestpmjdm.edu.pe\/portal\/index.php\/plana-jeraquica\/","og_locale":"es_ES","og_type":"article","og_title":"Plana jer\u00e1quica - IESTP MANUEL JES\u00daS D\u00cdAZ MURRUGARA","og_description":"Ing. Jaime Yvan Plasencia Castillo Director General Ing. Herman Alejandro Becerra Loyola Jefatura de Unidad Acad\u00e9mica CPC. Mar\u00eda Rosa Romero de S\u00e1enz Jefatura de Unidad Acad\u00e9mica Lic. Mirtha Manuela Isabel Perales Che Le\u00f3n Secretaria Acad\u00e9mica Ing. Guido Alex Gamarra Quezada Coordinador Acad\u00e9mico del P. E. Producci\u00f3n Agropecuaria Ing. Enriqueta Romero Diaz Coordinador Acad\u00e9mico del P. [&hellip;]","og_url":"https:\/\/iestpmjdm.edu.pe\/portal\/index.php\/plana-jeraquica\/","og_site_name":"IESTP MANUEL JES\u00daS D\u00cdAZ MURRUGARA","article_modified_time":"2025-06-05T14:21:26+00:00","og_image":[{"url":"https:\/\/iestpmjdm.edu.pe\/portal\/wp-content\/uploads\/2025\/05\/PLASENCIA-J-792x1024.jpg"}],"twitter_card":"summary_large_image","twitter_misc":{"Est. reading time":"2 minutos"},"schema":{"@context":"https:\/\/schema.org","@graph":[{"@type":"WebPage","@id":"https:\/\/iestpmjdm.edu.pe\/portal\/index.php\/plana-jeraquica\/","url":"https:\/\/iestpmjdm.edu.pe\/portal\/index.php\/plana-jeraquica\/","name":"Plana jer\u00e1quica - IESTP MANUEL JES\u00daS D\u00cdAZ MURRUGARA","isPartOf":{"@id":"https:\/\/iestpmjdm.edu.pe\/portal\/#website"},"primaryImageOfPage":{"@id":"https:\/\/iestpmjdm.edu.pe\/portal\/index.php\/plana-jeraquica\/#primaryimage"},"image":{"@id":"https:\/\/iestpmjdm.edu.pe\/portal\/index.php\/plana-jeraquica\/#primaryimage"},"thumbnailUrl":"https:\/\/iestpmjdm.edu.pe\/portal\/wp-content\/uploads\/2025\/05\/PLASENCIA-J-792x1024.jpg","datePublished":"2024-12-04T01:12:35+00:00","dateModified":"2025-06-05T14:21:26+00:00","breadcrumb":{"@id":"https:\/\/iestpmjdm.edu.pe\/portal\/index.php\/plana-jeraquica\/#breadcrumb"},"inLanguage":"es-PE","potentialAction":[{"@type":"ReadAction","target":["https:\/\/iestpmjdm.edu.pe\/portal\/index.php\/plana-jeraquica\/"]}]},{"@type":"ImageObject","inLanguage":"es-PE","@id":"https:\/\/iestpmjdm.edu.pe\/portal\/index.php\/plana-jeraquica\/#primaryimage","url":"https:\/\/iestpmjdm.edu.pe\/portal\/wp-content\/uploads\/2025\/05\/PLASENCIA-J.jpg","contentUrl":"https:\/\/iestpmjdm.edu.pe\/portal\/wp-content\/uploads\/2025\/05\/PLASENCIA-J.jpg","width":945,"height":1222},{"@type":"BreadcrumbList","@id":"https:\/\/iestpmjdm.edu.pe\/portal\/index.php\/plana-jeraquica\/#breadcrumb","itemListElement":[{"@type":"ListItem","position":1,"name":"Portada","item":"https:\/\/iestpmjdm.edu.pe\/portal\/"},{"@type":"ListItem","position":2,"name":"Plana jer\u00e1quica"}]},{"@type":"WebSite","@id":"https:\/\/iestpmjdm.edu.pe\/portal\/#website","url":"https:\/\/iestpmjdm.edu.pe\/portal\/","name":"IESTP MANUEL JES\u00daS D\u00cdAZ MURRUGARA","description":"","publisher":{"@id":"https:\/\/iestpmjdm.edu.pe\/portal\/#organization"},"potentialAction":[{"@type":"SearchAction","target":{"@type":"EntryPoint","urlTemplate":"https:\/\/iestpmjdm.edu.pe\/portal\/?s={search_term_string}"},"query-input":{"@type":"PropertyValueSpecification","valueRequired":true,"valueName":"search_term_string"}}],"inLanguage":"es-PE"},{"@type":"Organization","@id":"https:\/\/iestpmjdm.edu.pe\/portal\/#organization","name":"IESTP MANUEL JES\u00daS D\u00cdAZ MURRUGARA","url":"https:\/\/iestpmjdm.edu.pe\/portal\/","logo":{"@type":"ImageObject","inLanguage":"es-PE","@id":"https:\/\/iestpmjdm.edu.pe\/portal\/#\/schema\/logo\/image\/","url":"https:\/\/iestpmjdm.edu.pe\/portal\/wp-content\/uploads\/2025\/05\/Imagen-de-WhatsApp-2024-08-14-a-las-07.25.59_6b3920b2-3.png","contentUrl":"https:\/\/iestpmjdm.edu.pe\/portal\/wp-content\/uploads\/2025\/05\/Imagen-de-WhatsApp-2024-08-14-a-las-07.25.59_6b3920b2-3.png","width":1219,"height":1600,"caption":"IESTP MANUEL JES\u00daS D\u00cdAZ MURRUGARA"},"image":{"@id":"https:\/\/iestpmjdm.edu.pe\/portal\/#\/schema\/logo\/image\/"}}]}},"_links":{"self":[{"href":"https:\/\/iestpmjdm.edu.pe\/portal\/index.php\/wp-json\/wp\/v2\/pages\/47","targetHints":{"allow":["GET"]}}],"collection":[{"href":"https:\/\/iestpmjdm.edu.pe\/portal\/index.php\/wp-json\/wp\/v2\/pages"}],"about":[{"href":"https:\/\/iestpmjdm.edu.pe\/portal\/index.php\/wp-json\/wp\/v2\/types\/page"}],"author":[{"embeddable":true,"href":"https:\/\/iestpmjdm.edu.pe\/portal\/index.php\/wp-json\/wp\/v2\/users\/1"}],"replies":[{"embeddable":true,"href":"https:\/\/iestpmjdm.edu.pe\/portal\/index.php\/wp-json\/wp\/v2\/comments?post=47"}],"version-history":[{"count":55,"href":"https:\/\/iestpmjdm.edu.pe\/portal\/index.php\/wp-json\/wp\/v2\/pages\/47\/revisions"}],"predecessor-version":[{"id":1272,"href":"https:\/\/iestpmjdm.edu.pe\/portal\/index.php\/wp-json\/wp\/v2\/pages\/47\/revisions\/1272"}],"wp:attachment":[{"href":"https:\/\/iestpmjdm.edu.pe\/portal\/index.php\/wp-json\/wp\/v2\/media?parent=47"}],"curies":[{"name":"wp","href":"https:\/\/api.w.org\/{rel}","templated":true}]}}