{"id":53,"date":"2024-12-04T01:19:37","date_gmt":"2024-12-04T01:19:37","guid":{"rendered":"https:\/\/iesp-hectorvasquezjimenez.edu.pe\/portal\/?page_id=53"},"modified":"2025-06-04T16:55:59","modified_gmt":"2025-06-04T16:55:59","slug":"admision","status":"publish","type":"page","link":"https:\/\/iestpmjdm.edu.pe\/portal\/index.php\/admision\/","title":{"rendered":"Admisi\u00f3n"},"content":{"rendered":"\n<blockquote class=\"wp-block-quote is-layout-flow wp-block-quote-is-layout-flow\">\n<p><\/p>\n<\/blockquote>\n\n\n\n\n","protected":false},"excerpt":{"rendered":"","protected":false},"author":1,"featured_media":0,"parent":0,"menu_order":0,"comment_status":"closed","ping_status":"open","template":"full-width","meta":{"saved_in_kubio":true,"footnotes":""},"class_list":["post-53","page","type-page","status-publish","hentry"],"kubio_ai_page_context":{"short_desc":"","purpose":"general"},"yoast_head":"<!-- This site is optimized with the Yoast SEO plugin v23.9 - https:\/\/yoast.com\/wordpress\/plugins\/seo\/ -->\n<title>Admisi\u00f3n - IESTP MANUEL JES\u00daS D\u00cdAZ MURRUGARA<\/title>\n<meta name=\"robots\" content=\"index, follow, max-snippet:-1, max-image-preview:large, max-video-preview:-1\" \/>\n<link rel=\"canonical\" href=\"https:\/\/iestpmjdm.edu.pe\/portal\/index.php\/admision\/\" \/>\n<meta property=\"og:locale\" content=\"es_ES\" \/>\n<meta property=\"og:type\" content=\"article\" \/>\n<meta property=\"og:title\" content=\"Admisi\u00f3n - IESTP MANUEL JES\u00daS D\u00cdAZ MURRUGARA\" \/>\n<meta property=\"og:url\" content=\"https:\/\/iestpmjdm.edu.pe\/portal\/index.php\/admision\/\" \/>\n<meta property=\"og:site_name\" content=\"IESTP MANUEL JES\u00daS D\u00cdAZ MURRUGARA\" \/>\n<meta property=\"article:modified_time\" content=\"2025-06-04T16:55:59+00:00\" \/>\n<meta property=\"og:image\" content=\"https:\/\/iestpmjdm.edu.pe\/portal\/wp-content\/uploads\/2025\/06\/Imagen-de-WhatsApp-2024-08-14-a-las-07.25.59_6b3920b2-780x1024.png\" \/>\n<meta name=\"twitter:card\" content=\"summary_large_image\" \/>\n<meta name=\"twitter:label1\" content=\"Est. reading time\" \/>\n\t<meta name=\"twitter:data1\" content=\"1 minuto\" \/>\n<script type=\"application\/ld+json\" class=\"yoast-schema-graph\">{\"@context\":\"https:\/\/schema.org\",\"@graph\":[{\"@type\":\"WebPage\",\"@id\":\"https:\/\/iestpmjdm.edu.pe\/portal\/index.php\/admision\/\",\"url\":\"https:\/\/iestpmjdm.edu.pe\/portal\/index.php\/admision\/\",\"name\":\"Admisi\u00f3n - IESTP MANUEL JES\u00daS D\u00cdAZ MURRUGARA\",\"isPartOf\":{\"@id\":\"https:\/\/iestpmjdm.edu.pe\/portal\/#website\"},\"primaryImageOfPage\":{\"@id\":\"https:\/\/iestpmjdm.edu.pe\/portal\/index.php\/admision\/#primaryimage\"},\"image\":{\"@id\":\"https:\/\/iestpmjdm.edu.pe\/portal\/index.php\/admision\/#primaryimage\"},\"thumbnailUrl\":\"https:\/\/iestpmjdm.edu.pe\/portal\/wp-content\/uploads\/2025\/06\/Imagen-de-WhatsApp-2024-08-14-a-las-07.25.59_6b3920b2-780x1024.png\",\"datePublished\":\"2024-12-04T01:19:37+00:00\",\"dateModified\":\"2025-06-04T16:55:59+00:00\",\"breadcrumb\":{\"@id\":\"https:\/\/iestpmjdm.edu.pe\/portal\/index.php\/admision\/#breadcrumb\"},\"inLanguage\":\"es-PE\",\"potentialAction\":[{\"@type\":\"ReadAction\",\"target\":[\"https:\/\/iestpmjdm.edu.pe\/portal\/index.php\/admision\/\"]}]},{\"@type\":\"ImageObject\",\"inLanguage\":\"es-PE\",\"@id\":\"https:\/\/iestpmjdm.edu.pe\/portal\/index.php\/admision\/#primaryimage\",\"url\":\"https:\/\/iestpmjdm.edu.pe\/portal\/wp-content\/uploads\/2025\/06\/Imagen-de-WhatsApp-2024-08-14-a-las-07.25.59_6b3920b2.png\",\"contentUrl\":\"https:\/\/iestpmjdm.edu.pe\/portal\/wp-content\/uploads\/2025\/06\/Imagen-de-WhatsApp-2024-08-14-a-las-07.25.59_6b3920b2.png\",\"width\":1219,\"height\":1600},{\"@type\":\"BreadcrumbList\",\"@id\":\"https:\/\/iestpmjdm.edu.pe\/portal\/index.php\/admision\/#breadcrumb\",\"itemListElement\":[{\"@type\":\"ListItem\",\"position\":1,\"name\":\"Portada\",\"item\":\"https:\/\/iestpmjdm.edu.pe\/portal\/\"},{\"@type\":\"ListItem\",\"position\":2,\"name\":\"Admisi\u00f3n\"}]},{\"@type\":\"WebSite\",\"@id\":\"https:\/\/iestpmjdm.edu.pe\/portal\/#website\",\"url\":\"https:\/\/iestpmjdm.edu.pe\/portal\/\",\"name\":\"IESTP MANUEL JES\u00daS D\u00cdAZ MURRUGARA\",\"description\":\"\",\"publisher\":{\"@id\":\"https:\/\/iestpmjdm.edu.pe\/portal\/#organization\"},\"potentialAction\":[{\"@type\":\"SearchAction\",\"target\":{\"@type\":\"EntryPoint\",\"urlTemplate\":\"https:\/\/iestpmjdm.edu.pe\/portal\/?s={search_term_string}\"},\"query-input\":{\"@type\":\"PropertyValueSpecification\",\"valueRequired\":true,\"valueName\":\"search_term_string\"}}],\"inLanguage\":\"es-PE\"},{\"@type\":\"Organization\",\"@id\":\"https:\/\/iestpmjdm.edu.pe\/portal\/#organization\",\"name\":\"IESTP MANUEL JES\u00daS D\u00cdAZ MURRUGARA\",\"url\":\"https:\/\/iestpmjdm.edu.pe\/portal\/\",\"logo\":{\"@type\":\"ImageObject\",\"inLanguage\":\"es-PE\",\"@id\":\"https:\/\/iestpmjdm.edu.pe\/portal\/#\/schema\/logo\/image\/\",\"url\":\"https:\/\/iestpmjdm.edu.pe\/portal\/wp-content\/uploads\/2025\/05\/Imagen-de-WhatsApp-2024-08-14-a-las-07.25.59_6b3920b2-3.png\",\"contentUrl\":\"https:\/\/iestpmjdm.edu.pe\/portal\/wp-content\/uploads\/2025\/05\/Imagen-de-WhatsApp-2024-08-14-a-las-07.25.59_6b3920b2-3.png\",\"width\":1219,\"height\":1600,\"caption\":\"IESTP MANUEL JES\u00daS D\u00cdAZ MURRUGARA\"},\"image\":{\"@id\":\"https:\/\/iestpmjdm.edu.pe\/portal\/#\/schema\/logo\/image\/\"}}]}<\/script>\n<!-- \/ Yoast SEO plugin. -->","yoast_head_json":{"title":"Admisi\u00f3n - IESTP MANUEL JES\u00daS D\u00cdAZ MURRUGARA","robots":{"index":"index","follow":"follow","max-snippet":"max-snippet:-1","max-image-preview":"max-image-preview:large","max-video-preview":"max-video-preview:-1"},"canonical":"https:\/\/iestpmjdm.edu.pe\/portal\/index.php\/admision\/","og_locale":"es_ES","og_type":"article","og_title":"Admisi\u00f3n - IESTP MANUEL JES\u00daS D\u00cdAZ MURRUGARA","og_url":"https:\/\/iestpmjdm.edu.pe\/portal\/index.php\/admision\/","og_site_name":"IESTP MANUEL JES\u00daS D\u00cdAZ MURRUGARA","article_modified_time":"2025-06-04T16:55:59+00:00","og_image":[{"url":"https:\/\/iestpmjdm.edu.pe\/portal\/wp-content\/uploads\/2025\/06\/Imagen-de-WhatsApp-2024-08-14-a-las-07.25.59_6b3920b2-780x1024.png"}],"twitter_card":"summary_large_image","twitter_misc":{"Est. reading time":"1 minuto"},"schema":{"@context":"https:\/\/schema.org","@graph":[{"@type":"WebPage","@id":"https:\/\/iestpmjdm.edu.pe\/portal\/index.php\/admision\/","url":"https:\/\/iestpmjdm.edu.pe\/portal\/index.php\/admision\/","name":"Admisi\u00f3n - IESTP MANUEL JES\u00daS D\u00cdAZ MURRUGARA","isPartOf":{"@id":"https:\/\/iestpmjdm.edu.pe\/portal\/#website"},"primaryImageOfPage":{"@id":"https:\/\/iestpmjdm.edu.pe\/portal\/index.php\/admision\/#primaryimage"},"image":{"@id":"https:\/\/iestpmjdm.edu.pe\/portal\/index.php\/admision\/#primaryimage"},"thumbnailUrl":"https:\/\/iestpmjdm.edu.pe\/portal\/wp-content\/uploads\/2025\/06\/Imagen-de-WhatsApp-2024-08-14-a-las-07.25.59_6b3920b2-780x1024.png","datePublished":"2024-12-04T01:19:37+00:00","dateModified":"2025-06-04T16:55:59+00:00","breadcrumb":{"@id":"https:\/\/iestpmjdm.edu.pe\/portal\/index.php\/admision\/#breadcrumb"},"inLanguage":"es-PE","potentialAction":[{"@type":"ReadAction","target":["https:\/\/iestpmjdm.edu.pe\/portal\/index.php\/admision\/"]}]},{"@type":"ImageObject","inLanguage":"es-PE","@id":"https:\/\/iestpmjdm.edu.pe\/portal\/index.php\/admision\/#primaryimage","url":"https:\/\/iestpmjdm.edu.pe\/portal\/wp-content\/uploads\/2025\/06\/Imagen-de-WhatsApp-2024-08-14-a-las-07.25.59_6b3920b2.png","contentUrl":"https:\/\/iestpmjdm.edu.pe\/portal\/wp-content\/uploads\/2025\/06\/Imagen-de-WhatsApp-2024-08-14-a-las-07.25.59_6b3920b2.png","width":1219,"height":1600},{"@type":"BreadcrumbList","@id":"https:\/\/iestpmjdm.edu.pe\/portal\/index.php\/admision\/#breadcrumb","itemListElement":[{"@type":"ListItem","position":1,"name":"Portada","item":"https:\/\/iestpmjdm.edu.pe\/portal\/"},{"@type":"ListItem","position":2,"name":"Admisi\u00f3n"}]},{"@type":"WebSite","@id":"https:\/\/iestpmjdm.edu.pe\/portal\/#website","url":"https:\/\/iestpmjdm.edu.pe\/portal\/","name":"IESTP MANUEL JES\u00daS D\u00cdAZ MURRUGARA","description":"","publisher":{"@id":"https:\/\/iestpmjdm.edu.pe\/portal\/#organization"},"potentialAction":[{"@type":"SearchAction","target":{"@type":"EntryPoint","urlTemplate":"https:\/\/iestpmjdm.edu.pe\/portal\/?s={search_term_string}"},"query-input":{"@type":"PropertyValueSpecification","valueRequired":true,"valueName":"search_term_string"}}],"inLanguage":"es-PE"},{"@type":"Organization","@id":"https:\/\/iestpmjdm.edu.pe\/portal\/#organization","name":"IESTP MANUEL JES\u00daS D\u00cdAZ MURRUGARA","url":"https:\/\/iestpmjdm.edu.pe\/portal\/","logo":{"@type":"ImageObject","inLanguage":"es-PE","@id":"https:\/\/iestpmjdm.edu.pe\/portal\/#\/schema\/logo\/image\/","url":"https:\/\/iestpmjdm.edu.pe\/portal\/wp-content\/uploads\/2025\/05\/Imagen-de-WhatsApp-2024-08-14-a-las-07.25.59_6b3920b2-3.png","contentUrl":"https:\/\/iestpmjdm.edu.pe\/portal\/wp-content\/uploads\/2025\/05\/Imagen-de-WhatsApp-2024-08-14-a-las-07.25.59_6b3920b2-3.png","width":1219,"height":1600,"caption":"IESTP MANUEL JES\u00daS D\u00cdAZ MURRUGARA"},"image":{"@id":"https:\/\/iestpmjdm.edu.pe\/portal\/#\/schema\/logo\/image\/"}}]}},"_links":{"self":[{"href":"https:\/\/iestpmjdm.edu.pe\/portal\/index.php\/wp-json\/wp\/v2\/pages\/53","targetHints":{"allow":["GET"]}}],"collection":[{"href":"https:\/\/iestpmjdm.edu.pe\/portal\/index.php\/wp-json\/wp\/v2\/pages"}],"about":[{"href":"https:\/\/iestpmjdm.edu.pe\/portal\/index.php\/wp-json\/wp\/v2\/types\/page"}],"author":[{"embeddable":true,"href":"https:\/\/iestpmjdm.edu.pe\/portal\/index.php\/wp-json\/wp\/v2\/users\/1"}],"replies":[{"embeddable":true,"href":"https:\/\/iestpmjdm.edu.pe\/portal\/index.php\/wp-json\/wp\/v2\/comments?post=53"}],"version-history":[{"count":8,"href":"https:\/\/iestpmjdm.edu.pe\/portal\/index.php\/wp-json\/wp\/v2\/pages\/53\/revisions"}],"predecessor-version":[{"id":1239,"href":"https:\/\/iestpmjdm.edu.pe\/portal\/index.php\/wp-json\/wp\/v2\/pages\/53\/revisions\/1239"}],"wp:attachment":[{"href":"https:\/\/iestpmjdm.edu.pe\/portal\/index.php\/wp-json\/wp\/v2\/media?parent=53"}],"curies":[{"name":"wp","href":"https:\/\/api.w.org\/{rel}","templated":true}]}}